{"id":2098,"date":"2021-04-13T14:01:54","date_gmt":"2021-04-13T13:01:54","guid":{"rendered":"https:\/\/trustedguardianship.co.uk\/?page_id=2098"},"modified":"2021-04-13T14:01:59","modified_gmt":"2021-04-13T13:01:59","slug":"britischer-vormund-fuer-auslaendische-internatsschueler","status":"publish","type":"page","link":"https:\/\/trustedguardianship.co.uk\/de\/","title":{"rendered":"Britischer Vormund f\u00fcr ausl\u00e4ndische Internatssch\u00fcler"},"content":{"rendered":"\n<p><em>Wir bieten einen hervorragenden Vormundschaftsdienst zu einem au\u00dfergew\u00f6hnlichen Preis.<\/em><\/p>\n\n\n\n<p>Internate verlangen von den Eltern ausl\u00e4ndischer Sch\u00fcler, dass sie einen britischen Vormund benennen, der rund um die Uhr f\u00fcr Sch\u00fcler, Eltern und Schule als Ansprechpartner zur Verf\u00fcgung steht.<\/p>\n\n\n\n<p>Ein Vormund \u00fcbernimmt die Verantwortung f\u00fcr alle Situationen, die au\u00dferhalb des Zust\u00e4ndigkeitsbereichs der Schule liegen. Dazu k\u00f6nnen logistische Vorkehrungen wie Gastfamilien und Transporte sowie Notf\u00e4lle wie Unf\u00e4lle oder Krankheiten geh\u00f6ren.<\/p>\n\n\n\n<p><strong>Trusted Guardianship bietet einen individuellen, auf jeden Sch\u00fcler zugeschnittenen Vormundschaftsdienst, der sowohl Eltern als auch Kindern rundum Unterst\u00fctzung bietet<\/strong>.<\/p>\n\n\n\n<p>Wir verstehen die Bedenken von Eltern, die ihr Kind auf ein Internat in Gro\u00dfbritannien schicken. Wir unterst\u00fctzen Sie bei praktischen Fragen wie der Buchung von Unterkunft und Transport und bem\u00fchen uns, Sie kennenzulernen, wenn Sie Ihr Kind zur Schule begleiten oder die Schule besuchen.<\/p>\n\n\n\n<p>Als Erziehungsbeistand fungieren wir als Vermittler zwischen Eltern und Schule. Den Eltern, die nicht mit dem britischen System oder der englischen Sprache vertraut sind, k\u00f6nnen wir zus\u00e4tzliche Erl\u00e4uterungen oder Orientierungshilfe bieten.<\/p>\n\n\n\n<p>Als der erste Ansprechpartner f\u00fcr die Schule vertreten wir die Eltern, wann immer dies angebracht ist. In seelsorgerischen Fragen beraten wir uns mit Mitarbeitern im Haus oder bei p\u00e4dagogischen Problemen mit akademischem Personal und werden so bald wie m\u00f6glich Beistand leisten, wenn dies aus irgendeinem Grund erforderlich ist.<\/p>\n\n\n\n<p>Unser Ziel ist es, den Eltern die Gewissheit zu geben, dass ihr Kind sowohl im Internat als auch in der Gastfamilie im vollen Umfang unterst\u00fctzt wird.<\/p>\n\n\n\n<p><strong>Wir tun unser Bestes, um sicherzustellen, dass Ihr Kind gl\u00fccklich ist und sich in unserer Obhut sicher f\u00fchlt. Wir sind stolz darauf, dass 100 % der Eltern unserer Sch\u00fcler \u00fcber Trusted Guardianship sagen, dass sie uns als Vormund empfehlen w\u00fcrden.<\/strong><\/p>\n\n\n\n<blockquote class=\"wp-block-quote\"><p>Zakiyah ist eine sehr freundliche, f\u00fcrsorgliche und verantwortungsbewusste Person. Immer in der N\u00e4he, wird sie Ihnen stets gute Ratschl\u00e4ge geben und bei jeder Ma\u00dfnahme helfen. Sie l\u00f6st Probleme so schnell, dass man zun\u00e4chst glaubt, sie w\u00fcrden \u00fcberhaupt nicht existieren. Ich bin mir absolut sicher, dass nicht nur ich, sondern auch mein Sohn sehr gl\u00fccklich dar\u00fcber sind, sie kennengelernt zu haben.<\/p><p><br>Natalia Rumyantsev<br>Elternteil des Vormundschaftssch\u00fclers<\/p><\/blockquote>\n\n\n\n<h2 class=\"wp-block-heading\" id=\"h-warum-trusted-guardianship\"><strong>Warum Trusted Guardianship?<\/strong><strong><\/strong><\/h2>\n\n\n\n<h2 class=\"wp-block-heading\" id=\"h-was-unterscheidet-uns-von-anderen-vormundschaftsunternehmen\"><strong>Was unterscheidet uns von anderen Vormundschaftsunternehmen?<\/strong><strong><\/strong><\/h2>\n\n\n\n<ul><li>Sie k\u00f6nnen dem Vormund Ihres Kindes jederzeit direkt eine Nachricht senden. Wir sind \u00fcber die folgenden Apps erreichbar: Line, Messenger, Signal, Telegram, Viber, WeChat und WhatsApp.<\/li><li>Wir haben selbst eigene Erfahrungen darin gesammelt, was es hei\u00dft, als Internatssch\u00fcler in einem Internat und bei einer Gastfamilie zu sein aber auch, wie es ist, Eltern von Kindern zu sein, die im Ausland studieren.<\/li><li>Wenn Sie ins Vereinigte K\u00f6nigreich reisen, freuen wir uns, Sie, wenn m\u00f6glich, pers\u00f6nlich zu treffen und es so einzurichten, dass Sie die Gastfamilie Ihres Kindes kennenlernen.<\/li><li>Wenn Kinder allein nach Gro\u00dfbritannien reisen, werden wir versuchen es einzurichten, dass sie ihre Gastfamilie vor dem ersten Urlaubswochenende treffen, damit sie wissen, was sie erwartet, wenn sie zum ersten Mal dort wohnen.<\/li><li>Alle unsere Sch\u00fcler haben im Haus ihrer Gastfamilie ihr eigenes Zimmer und m\u00fcssen es mit einem anderen Sch\u00fcler nur dann teilen, wenn dies zuvor vereinbart ist.<\/li><\/ul>\n\n\n\n<blockquote class=\"wp-block-quote\"><p>Seit vielen Jahren ist Trusted Guardianship professionell, organisiert und stets hilfsbereit und mit dem Bishop\u2019s Stortford College aufs Engste verbunden. Die Qualit\u00e4t der Dienstleistungen, die sie anbieten, war stets herausragend und sie haben die Betreuung der Sch\u00fcler, f\u00fcr die sie verantwortlich sind, immer in den Mittelpunkt ihres Handelns gestellt. Die regelm\u00e4\u00dfige Teilnahme an Elternabenden ist nur eines der vielen Beispiele f\u00fcr die Betreuung die sie anbieten, und die \u00fcber ihr eindeutiges Bestreben hinausgeht, ihre Sch\u00fcler zu f\u00f6rdern und zu ermutigen. Ich kann sie von ganzen Herzen empfehlen.<\/p><p><br>Jeremy Gladwin<br>Schulleiter<br>Bishop\u2019s Stortford College<\/p><\/blockquote>\n\n\n\n<h2 class=\"wp-block-heading\" id=\"h-der-vormund-ihres-kindes-im-vereinigten-k-nigreich\"><strong>Der Vormund Ihres Kindes im Vereinigten K\u00f6nigreich<\/strong><strong><\/strong><\/h2>\n\n\n\n<p><strong>Zakiyah Razvi MA (Universit\u00e4t Cambridge), \u00dcbersetzungsdiplom (Chartered Institute of Linguists)<\/strong><strong><\/strong><\/p>\n\n\n\n<p><strong><em>Direktorin der Roedean School<\/em><\/strong><em><\/em><\/p>\n\n\n\n<p>Ich war Sch\u00fclerin an zwei Internaten, dem Dover College und der Roedean School, bevor ich an die Universit\u00e4t Cambridge wechselte, um moderne Sprachen zu studieren.<\/p>\n\n\n\n<p>Dar\u00fcber hinaus ging ich weiteren Studien an anderen Bildungseinrichtungen nach, darunter das Goethe-Institut (Schw\u00e4bisch Hall, Deutschland), das British Institute (Florenz, Italien), die Universit\u00e4t Wien (\u00d6sterreich), die National Autonomous University of Mexico (Mexiko), die Rutgers University (USA) und die School of Oriental and African Studies (Gro\u00dfbritannien).<\/p>\n\n\n\n<p>Selbst eine ehemalige Internatssch\u00fclerin bin ich bestens in der Lage, Sch\u00fcler in allen Fragen, die das Internat betreffen, zu beraten. W\u00e4hrend meines Sprachstudiums habe ich bei vielen Gastfamilien in den unterschiedlichsten L\u00e4ndern gewohnt. Diese Erfahrungen helfen mir, die f\u00fcr den jeweiligen Sch\u00fcler die am besten geeignete Gastfamilie zu finden. Auch ich bin Mutter von Kindern, die im Ausland studiert haben, weshalb ich bestens verstehe, wie sich Eltern f\u00fchlen und bem\u00fche mich nach besten Kr\u00e4ften, sie zu unterst\u00fctzen.<\/p>\n\n\n\n<blockquote class=\"wp-block-quote\"><p>Zakiyah ist eine ausgezeichnete Betreuerin. Sie k\u00fcmmert sich um die Sch\u00fcler, die sich unter ihrer Obhut befinden, und tut ihr Bestes, um sie zu unterst\u00fctzen. Sie ist \u00fcberaus nett.<br>Sie kommuniziert au\u00dfergew\u00f6hnlich gut mit mir und freut sich \u00fcber meine Anrufe, um Fragen zu besprechen. Auch reagiert sie rasch auf E-Mails.<br>Sie versteht die Bed\u00fcrfnisse der aus allen L\u00e4ndern kommenden Sch\u00fcler und hat stets ein offenes Ohr.<br>Sie versteht Teenager und nimmt ihre Rolle bei \u201ederen Erziehung\u201c ernst.<\/p><p><br>Justine Christie<br>Leiterin des Internats, Ipswich School<\/p><\/blockquote>\n\n\n\n<p>Trusted Guardianship wurde von der BSA (Boarding Schools\u2018 Association), dem weltgr\u00f6\u00dften Verband f\u00fcr Internate, der mehr als 600 unabh\u00e4ngige und staatliche Internate vertritt, f\u00fcr \u201e<strong>h\u00f6chste Standards beim Schutz von Kindern, sicherere Einstellungspraktiken und Ausbildung von Personal und Gastfamilien sowie gewissenhafte Zusammenarbeit mit Eltern und Schulen\u201c<\/strong> zertifiziert<strong>.<\/strong><\/p>\n\n\n\n<p>Sprechen Sie mit uns, um Hilfe und Rat zu erhalten, wenn Sie erw\u00e4gen, Ihr Kind im Vereinigten K\u00f6nigreich in ein Internat zu schicken.<\/p>\n\n\n\n<p><a href=\"https:\/\/trustedguardianship.co.uk\/register-online-guardianship\/\" target=\"_blank\" rel=\"noreferrer noopener\">Klicken Sie hier, um sich f\u00fcr eine Vormundschaft zu registrieren<\/a><\/p>\n","protected":false},"excerpt":{"rendered":"<p>Wir bieten einen hervorragenden Vormundschaftsdienst zu einem au\u00dfergew\u00f6hnlichen Preis. Internate verlangen von den Eltern ausl\u00e4ndischer Sch\u00fcler, dass sie einen britischen Vormund benennen, der rund um die Uhr f\u00fcr Sch\u00fcler, Eltern und Schule als Ansprechpartner zur Verf\u00fcgung steht. Ein Vormund \u00fcbernimmt<\/p>\n","protected":false},"author":2,"featured_media":0,"parent":0,"menu_order":0,"comment_status":"closed","ping_status":"closed","template":"","meta":{"footnotes":""},"_links":{"self":[{"href":"https:\/\/trustedguardianship.co.uk\/de\/wp-json\/wp\/v2\/pages\/2098"}],"collection":[{"href":"https:\/\/trustedguardianship.co.uk\/de\/wp-json\/wp\/v2\/pages"}],"about":[{"href":"https:\/\/trustedguardianship.co.uk\/de\/wp-json\/wp\/v2\/types\/page"}],"author":[{"embeddable":true,"href":"https:\/\/trustedguardianship.co.uk\/de\/wp-json\/wp\/v2\/users\/2"}],"replies":[{"embeddable":true,"href":"https:\/\/trustedguardianship.co.uk\/de\/wp-json\/wp\/v2\/comments?post=2098"}],"version-history":[{"count":5,"href":"https:\/\/trustedguardianship.co.uk\/de\/wp-json\/wp\/v2\/pages\/2098\/revisions"}],"predecessor-version":[{"id":2103,"href":"https:\/\/trustedguardianship.co.uk\/de\/wp-json\/wp\/v2\/pages\/2098\/revisions\/2103"}],"wp:attachment":[{"href":"https:\/\/trustedguardianship.co.uk\/de\/wp-json\/wp\/v2\/media?parent=2098"}],"curies":[{"name":"wp","href":"https:\/\/api.w.org\/{rel}","templated":true}]}}