{"id":2112,"date":"2021-04-13T20:33:38","date_gmt":"2021-04-13T19:33:38","guid":{"rendered":"https:\/\/trustedguardianship.co.uk\/?page_id=2112"},"modified":"2021-04-13T20:33:40","modified_gmt":"2021-04-13T19:33:40","slug":"gastfamilien","status":"publish","type":"page","link":"https:\/\/trustedguardianship.co.uk\/de\/gastfamilien\/","title":{"rendered":"Gastfamilien"},"content":{"rendered":"\n<p><br>Internatssch\u00fcler, die in den Trimesterferien nicht zu ihren eigenen Familien zur\u00fcckkehren, ben\u00f6tigen m\u00f6glicherweise Gastfamilien, die sich um sie k\u00fcmmern, w\u00e4hrend die Schule geschlossen ist.<\/p>\n\n\n\n<p>Gastfreundliche und f\u00fcrsorgliche Gastfamilien sind f\u00fcr entspannende Urlaube und Semesterferien das Wichtigste. Wir verf\u00fcgen \u00fcber ein ausgedehntes Netzwerk von Gastfamilien, darunter englische Familien, asiatische Familien, Familien mit Kindern, die zu Hause wohnen, sowie Familien, deren Kinder bereits erwachsen sind.&nbsp;Wir bem\u00fchen uns stets, jedes Kind mit der Familie zusammenzubringen, die am besten zu ihm passt. Eltern sind herzlich eingeladen, ihre W\u00fcnsche mitzuteilen, welche Familie ihrer Meinung nach am besten zu ihrem Kind passen w\u00fcrde, und wir werden versuchen, diese W\u00fcnsche nach M\u00f6glichkeit zu ber\u00fccksichtigen.<\/p>\n\n\n\n<p>Die Gastfamilien bieten jedem Sch\u00fcler ein eigenes Zimmer (es sei denn, die Sch\u00fcler teilen sich das Zimmer nach vorheriger Vereinbarung), inklusive aller Mahlzeiten und WLAN-Internetzugang. Sie helfen bei der W\u00e4sche und anderen Alltagsproblemen, die auftreten k\u00f6nnten.<\/p>\n\n\n\n<p>Wir bitten unsere Gastfamilien, sich um Ihr Kind wie um ein Familienmitglied zu k\u00fcmmern und es auch als solches zu behandeln, wozu auch geh\u00f6rt, die Hausregeln einzuhalten.<\/p>\n\n\n\n<p><strong>Der Aufenthalt in einer Gastfamilie kann sowohl f\u00fcr die Sch\u00fcler als auch f\u00fcr die Familienmitglieder eine \u00e4u\u00dferst lohnende Erfahrung sein, die oft zu lebenslangen Freundschaften f\u00fchrt.<\/strong><\/p>\n\n\n\n<blockquote class=\"wp-block-quote\"><p>Als ich zum ersten Mal im Haus meiner Gastfamilie ankam, war ich ziemlich nerv\u00f6s, weil es f\u00fcr mich eine neue Umgebung war, aber sie haben mich weder unter Druck gesetzt noch mir ein unbehagliches Gef\u00fchl vermittelt. Sie sind sehr freundlich und lie\u00dfen mich gleich bei meiner Ankunft sp\u00fcren, dass ich \u00fcberaus willkommen bin. Da ich zudem spezielle Ern\u00e4hrungsvorschriften einhalten musste, und nicht alles essen durfte, haben Sie mir eine gro\u00dfe Auswahl an Speisen angeboten, die ich essen konnte. Meine Gastfamilie hat mir freundlicherweise geholfen, als ich fragte, ob mein Freund bei mir wohnen k\u00f6nnte, als er selbst Schwierigkeiten hatte, eine Unterkunft zu finden. Alles in allem bin ich \u00fcberaus dankbar und gl\u00fccklich, dass ich diese, meine Gastfamilie haben durfte, da sie mir das Gef\u00fchl gegeben hat, geliebt zu werden.<\/p><p>Bosco<br>Vormundschaftssch\u00fcler<\/p><\/blockquote>\n\n\n\n<p>Wir w\u00e4hlen unsere Gastfamilien sehr sorgf\u00e4ltig aus. Alle Erwachsenen im Haus sind polizeilich \u00fcberpr\u00fcft (Enhanced DBS) und wir verlangen von jeder Familie Referenzen.<\/p>\n\n\n\n<blockquote class=\"wp-block-quote\"><p>2016 sind wir zu einer Gastfamilie geworden und bisher haben 3 Kinder in meiner Familie gewohnt. Zurzeit habe ich ein 15 Jahre altes Kind aus Hongkong, das regelm\u00e4\u00dfig zu uns kommt und bei uns wohnt. Meine Familie hat sich immer mit allen Kindern gut verstanden. Vor allem m\u00f6gen die unser Essen. Diese Kinder gehen in so jungen Jahren schon ins Ausland, also versuche ich stets, leckeres Essen zuzubereiten, damit sie sich wie zu Hause f\u00fchlen. Ich bin auch sehr froh, Zakiyah zu kennen und mit ihr zusammenzuarbeiten. Sie ist sehr freundlich und f\u00fcrsorglich. Ich bin so gl\u00fccklich, auch weiterhin mit Zakiyah zusammenarbeiten und noch mehr Kindern helfen zu k\u00f6nnen.<\/p><p>Rose<br>Gastmutter<\/p><\/blockquote>\n\n\n\n<p>Die Eltern unserer Vormundschaftssch\u00fcler verstehen die Bedeutung der Rolle, die unsere Gastfamilien einnehmen, um in den Zeiten, in denen ihr Kind nicht im Internat ist, h\u00e4uslichen Komfort und Sicherheit zu bieten, und sind ausnahmslos sehr dankbar.<\/p>\n\n\n\n<blockquote class=\"wp-block-quote\"><p>Liebe Zakiyah,<br>vielen Dank f\u00fcr all Ihre Arrangements, die Sie f\u00fcr Chester in den Semesterferien getroffen haben, einschlie\u00dflich in Bezug auf die Gastfamilie und den Transfer. Und dass Sie umgehend geantwortet und Vorkehrungen getroffen haben, unabh\u00e4ngig davon, wann wir die Anfrage gestellt haben, damit wir uns dar\u00fcber keine Sorgen machen mussten.<br>Die Gastfamilien sorgten f\u00fcr eine komfortable und warme Unterkunft und haben gleichzeitig authentische Mahlzeiten angeboten. Ich hoffe, Sie k\u00f6nnen Alison und Amanda in unserem Namen danken.<\/p><p>Nochmals vielen Dank f\u00fcr Ihre engagierten Dienste.<br>Mit freundlichen Gr\u00fc\u00dfen<br>Mon Chow<\/p><\/blockquote>\n\n\n\n<blockquote class=\"wp-block-quote\"><p>Liebe Zakiyah,<br>vielen Dank, dass Sie uns einer so guten Gastfamilie vorgestellt haben. Sie haben James nicht nur eine komfortable Unterkunft und leckere Mahlzeiten angeboten, sondern auch eine F\u00fclle von Aktivit\u00e4ten arrangiert, um James eine angenehme f\u00fcnft\u00e4gige Internatszeit zu erm\u00f6glichen.<br>Wang Ying Lu<\/p><\/blockquote>\n","protected":false},"excerpt":{"rendered":"<p>Internatssch\u00fcler, die in den Trimesterferien nicht zu ihren eigenen Familien zur\u00fcckkehren, ben\u00f6tigen m\u00f6glicherweise Gastfamilien, die sich um sie k\u00fcmmern, w\u00e4hrend die Schule geschlossen ist. Gastfreundliche und f\u00fcrsorgliche Gastfamilien sind f\u00fcr entspannende Urlaube und Semesterferien das Wichtigste. Wir verf\u00fcgen \u00fcber ein<\/p>\n","protected":false},"author":2,"featured_media":0,"parent":0,"menu_order":0,"comment_status":"closed","ping_status":"closed","template":"","meta":{"footnotes":""},"_links":{"self":[{"href":"https:\/\/trustedguardianship.co.uk\/de\/wp-json\/wp\/v2\/pages\/2112"}],"collection":[{"href":"https:\/\/trustedguardianship.co.uk\/de\/wp-json\/wp\/v2\/pages"}],"about":[{"href":"https:\/\/trustedguardianship.co.uk\/de\/wp-json\/wp\/v2\/types\/page"}],"author":[{"embeddable":true,"href":"https:\/\/trustedguardianship.co.uk\/de\/wp-json\/wp\/v2\/users\/2"}],"replies":[{"embeddable":true,"href":"https:\/\/trustedguardianship.co.uk\/de\/wp-json\/wp\/v2\/comments?post=2112"}],"version-history":[{"count":2,"href":"https:\/\/trustedguardianship.co.uk\/de\/wp-json\/wp\/v2\/pages\/2112\/revisions"}],"predecessor-version":[{"id":2114,"href":"https:\/\/trustedguardianship.co.uk\/de\/wp-json\/wp\/v2\/pages\/2112\/revisions\/2114"}],"wp:attachment":[{"href":"https:\/\/trustedguardianship.co.uk\/de\/wp-json\/wp\/v2\/media?parent=2112"}],"curies":[{"name":"wp","href":"https:\/\/api.w.org\/{rel}","templated":true}]}}