{"id":2115,"date":"2021-04-13T21:05:20","date_gmt":"2021-04-13T20:05:20","guid":{"rendered":"https:\/\/trustedguardianship.co.uk\/?page_id=2115"},"modified":"2025-11-06T09:54:25","modified_gmt":"2025-11-06T09:54:25","slug":"vormundschaftsgebuehren","status":"publish","type":"page","link":"https:\/\/trustedguardianship.co.uk\/de\/vormundschaftsgebuehren\/","title":{"rendered":"Vormundschaftsgeb\u00fchren"},"content":{"rendered":"\n<p>Wir verstehen, dass die Erziehung Ihres Kindes an einem britischen Internat f\u00fcr Sie als Eltern eine erhebliche Investition bedeutet, und wir tun unser Bestes, um Vormundschaftsgeb\u00fchren und zus\u00e4tzliche Ausgaben auf ein Minimum zu beschr\u00e4nken.<\/p>\n\n\n\n<p>Die in jeder Stufe der Vormundschaft enthaltenen Dienstleistungen sind auf der Seite <a href=\"https:\/\/trustedguardianship.co.uk\/de\/vormundschaftsdienste\/\" target=\"_blank\" rel=\"noreferrer noopener\">Vormundschaftsservice<\/a> aufgef\u00fchrt. Wenn Sie eine Dienstleistung ben\u00f6tigen, die nicht auf der Seite Vormundschaftsservice aufgef\u00fchrt ist <a href=\"https:\/\/trustedguardianship.co.uk\/de\/kontakt\/\" target=\"_blank\" rel=\"noreferrer noopener\">wenden Sie sich an uns<\/a>.<\/p>\n\n\n\n<p>Das Angebot Basic Guardianship erf\u00fcllt die Anforderung eines britischen Vormunds, der f\u00fcr Schule, Sch\u00fcler und Eltern im Notfall rund um die Uhr der Ansprechpartner ist. Es schlie\u00dft die Gastfamilie nicht mit ein und ist daher nur f\u00fcr Sch\u00fcler geeignet, die in den Schulferien nach Hause fahren k\u00f6nnen.<strong><\/strong><\/p>\n\n\n\n<h3 class=\"wp-block-heading\" id=\"h-vormundschaftsgeb-hren\"><strong>Vormundschaftsgeb\u00fchren<\/strong><strong><\/strong><\/h3>\n\n\n\n<p><em>Alle Preise verstehen sich inklusive Mehrwertsteuer<\/em><strong>&nbsp;<\/strong><\/p>\n\n\n\n<p>Anmeldegeb\u00fchr: 150 GBP pro Familie<br>Die Anmeldegeb\u00fchr wird den Sch\u00fclern erlassen, die bereits im Vereinigten K\u00f6nigreich zur Schule gehen und zu Trusted Guardianship wechseln m\u00f6chten.<\/p>\n\n\n\n<table id=\"tablepress-17\" class=\"tablepress tablepress-id-17\">\n<thead>\n<tr class=\"row-1\">\n\t<td class=\"column-1\"><\/td><th class=\"column-2\">Basic<\/th><th class=\"column-3\">Basic+<\/th><th class=\"column-4\">Standard<\/th><th class=\"column-5\">Premium<\/th>\n<\/tr>\n<\/thead>\n<tbody class=\"row-hover\">\n<tr class=\"row-2\">\n\t<td class=\"column-1\">Vormundschaftsgeb\u00fchr pro Trimester: GBP<\/td><td class=\"column-2\">350<\/td><td class=\"column-3\">450<\/td><td class=\"column-4\">550<\/td><td class=\"column-5\">650<\/td>\n<\/tr>\n<tr class=\"row-3\">\n\t<td class=\"column-1\">Vormundschaftsgeb\u00fchr pro Jahr: GBP<\/td><td class=\"column-2\">995<\/td><td class=\"column-3\">1295<\/td><td class=\"column-4\">1595<\/td><td class=\"column-5\">1895<\/td>\n<\/tr>\n<tr class=\"row-4\">\n\t<td class=\"column-1\"><\/td><td class=\"column-2\"><\/td><td class=\"column-3\"><\/td><td class=\"column-4\"><\/td><td class=\"column-5\"><\/td>\n<\/tr>\n<tr class=\"row-5\">\n\t<td class=\"column-1\">Wir f\u00fchren ein Spesenkonto, mit dem wir die Ausgaben decken, die dem Sch\u00fcler in Gro\u00dfbritannien entstehen.<\/td><td class=\"column-2\"><\/td><td class=\"column-3\"><\/td><td class=\"column-4\"><\/td><td class=\"column-5\"><\/td>\n<\/tr>\n<tr class=\"row-6\">\n\t<td class=\"column-1\">Einzahlung auf das Spesenkonto: GBP<\/td><td class=\"column-2\">300<\/td><td class=\"column-3\">500<\/td><td class=\"column-4\">1000<\/td><td class=\"column-5\">1000<\/td>\n<\/tr>\n<\/tbody>\n<\/table>\n<!-- #tablepress-17 from cache -->\n\n\n\n<p>Unterkunft in der Gastfamilie:<br>60 GBP pro Tag<\/p>\n\n\n\n<p>Die Fahrtkosten werden den Gastfamilien zu einem Preis von 0,55 GBP pro Meile erstattet.<br>Der Transfer mit lizenzierten Berufskraftfahrern wird den Eltern zum Selbstkostenpreis in Rechnung gestellt, und wir arrangieren nach M\u00f6glichkeit immer einen Sammeltransfer.<\/p>\n\n\n\n<p>Wenn der Kontostand des Spesenkontos Ihres Kindes unter 200 GBP f\u00e4llt, werden wir Sie bitten, das Konto aufzuf\u00fcllen.<br>Der am Ende des Vormundschaftsvertrags auf dem Konto verbliebene Betrag wird den Eltern zur\u00fcckerstattet.<\/p>\n","protected":false},"excerpt":{"rendered":"<p>Wir verstehen, dass die Erziehung Ihres Kindes an einem britischen Internat f\u00fcr Sie als Eltern eine erhebliche Investition bedeutet, und wir tun unser Bestes, um Vormundschaftsgeb\u00fchren und zus\u00e4tzliche Ausgaben auf ein Minimum zu beschr\u00e4nken. Die in jeder Stufe der Vormundschaft<\/p>\n","protected":false},"author":2,"featured_media":0,"parent":0,"menu_order":0,"comment_status":"closed","ping_status":"closed","template":"","meta":{"footnotes":""},"_links":{"self":[{"href":"https:\/\/trustedguardianship.co.uk\/de\/wp-json\/wp\/v2\/pages\/2115"}],"collection":[{"href":"https:\/\/trustedguardianship.co.uk\/de\/wp-json\/wp\/v2\/pages"}],"about":[{"href":"https:\/\/trustedguardianship.co.uk\/de\/wp-json\/wp\/v2\/types\/page"}],"author":[{"embeddable":true,"href":"https:\/\/trustedguardianship.co.uk\/de\/wp-json\/wp\/v2\/users\/2"}],"replies":[{"embeddable":true,"href":"https:\/\/trustedguardianship.co.uk\/de\/wp-json\/wp\/v2\/comments?post=2115"}],"version-history":[{"count":7,"href":"https:\/\/trustedguardianship.co.uk\/de\/wp-json\/wp\/v2\/pages\/2115\/revisions"}],"predecessor-version":[{"id":12496,"href":"https:\/\/trustedguardianship.co.uk\/de\/wp-json\/wp\/v2\/pages\/2115\/revisions\/12496"}],"wp:attachment":[{"href":"https:\/\/trustedguardianship.co.uk\/de\/wp-json\/wp\/v2\/media?parent=2115"}],"curies":[{"name":"wp","href":"https:\/\/api.w.org\/{rel}","templated":true}]}}