{"id":2129,"date":"2021-04-13T21:18:06","date_gmt":"2021-04-13T20:18:06","guid":{"rendered":"https:\/\/trustedguardianship.co.uk\/?page_id=2129"},"modified":"2021-04-13T21:18:10","modified_gmt":"2021-04-13T20:18:10","slug":"regelung-fuer-internationale-tagesschueler","status":"publish","type":"page","link":"https:\/\/trustedguardianship.co.uk\/de\/regelung-fuer-internationale-tagesschueler\/","title":{"rendered":"Regelung f\u00fcr internationale Tagessch\u00fcler"},"content":{"rendered":"\n<p>Wir bieten ausl\u00e4ndischen Sch\u00fclern in Gro\u00dfbritannien einen vertrauensw\u00fcrdigen und verl\u00e4sslichen Internats-Vormundschaftsservice.<\/p>\n\n\n\n<p>Regelung f\u00fcr Tagessch\u00fcler \u2013 <em>\u201eDas Beste aus beiden Welten\u201c<\/em><\/p>\n\n\n\n<p>Der Besuch einer britischen unabh\u00e4ngigen Schule als Tagessch\u00fcler bietet ausl\u00e4ndischen Studenten eine ausgezeichnete akademische Ausbildung zusammen mit der bereichernden Erfahrung, das Leben mit einer britischen Familie zu teilen.<\/p>\n\n\n\n<p>Dieses Angebot ist sehr attraktiv f\u00fcr Eltern, die verstehen, welche sprachlichen und kulturellen Vorteile durch das Leben als Mitglied einer einheimischen Familie gewonnen werden k\u00f6nnen.<\/p>\n\n\n\n<p><a>Es bietet auch die M\u00f6glichkeit, einige hochkar\u00e4tige Tagesschulen zu besuchen, die \u00fcber keine Internatseinrichtungen verf\u00fcgen.<\/a><\/p>\n\n\n\n<p>Die Sch\u00fcler nehmen im vollen Umfang am Schulleben teil, aber anstatt am Abend in ein Internat zur\u00fcckzukehren, kehren sie in das Haus einer Familie zur\u00fcck, wo sie ihre Englischkenntnisse anwenden und den britischen Lebensstil hautnah erleben k\u00f6nnen.<\/p>\n\n\n\n<p><strong>Bitte <\/strong><a href=\"https:\/\/trustedguardianship.co.uk\/contact-us\/\"><strong>kontaktieren Sie uns<\/strong><\/a><strong>, wenn Sie einen Tagessch\u00fcler anmelden m\u00f6chten.<\/strong><\/p>\n","protected":false},"excerpt":{"rendered":"<p>Wir bieten ausl\u00e4ndischen Sch\u00fclern in Gro\u00dfbritannien einen vertrauensw\u00fcrdigen und verl\u00e4sslichen Internats-Vormundschaftsservice. Regelung f\u00fcr Tagessch\u00fcler \u2013 \u201eDas Beste aus beiden Welten\u201c Der Besuch einer britischen unabh\u00e4ngigen Schule als Tagessch\u00fcler bietet ausl\u00e4ndischen Studenten eine ausgezeichnete akademische Ausbildung zusammen mit der bereichernden Erfahrung,<\/p>\n","protected":false},"author":2,"featured_media":0,"parent":0,"menu_order":0,"comment_status":"closed","ping_status":"closed","template":"","meta":{"footnotes":""},"_links":{"self":[{"href":"https:\/\/trustedguardianship.co.uk\/de\/wp-json\/wp\/v2\/pages\/2129"}],"collection":[{"href":"https:\/\/trustedguardianship.co.uk\/de\/wp-json\/wp\/v2\/pages"}],"about":[{"href":"https:\/\/trustedguardianship.co.uk\/de\/wp-json\/wp\/v2\/types\/page"}],"author":[{"embeddable":true,"href":"https:\/\/trustedguardianship.co.uk\/de\/wp-json\/wp\/v2\/users\/2"}],"replies":[{"embeddable":true,"href":"https:\/\/trustedguardianship.co.uk\/de\/wp-json\/wp\/v2\/comments?post=2129"}],"version-history":[{"count":1,"href":"https:\/\/trustedguardianship.co.uk\/de\/wp-json\/wp\/v2\/pages\/2129\/revisions"}],"predecessor-version":[{"id":2130,"href":"https:\/\/trustedguardianship.co.uk\/de\/wp-json\/wp\/v2\/pages\/2129\/revisions\/2130"}],"wp:attachment":[{"href":"https:\/\/trustedguardianship.co.uk\/de\/wp-json\/wp\/v2\/media?parent=2129"}],"curies":[{"name":"wp","href":"https:\/\/api.w.org\/{rel}","templated":true}]}}