{"id":2134,"date":"2021-04-13T21:24:42","date_gmt":"2021-04-13T20:24:42","guid":{"rendered":"https:\/\/trustedguardianship.co.uk\/?page_id=2134"},"modified":"2025-11-06T09:40:16","modified_gmt":"2025-11-06T09:40:16","slug":"kontakt","status":"publish","type":"page","link":"https:\/\/trustedguardianship.co.uk\/de\/kontakt\/","title":{"rendered":"Kontakt"},"content":{"rendered":"\n<p><strong>Sie k\u00f6nnen sich gern mit uns in Verbindung setzen, um weitere Informationen \u00fcber die von uns angebotenen Dienstleistungen zu erhalten.<\/strong><\/p>\n\n\n\n<p><strong>Wir freuen uns, von Ihnen zu h\u00f6ren und werden uns in K\u00fcrze bei Ihnen melden.<\/strong><\/p>\n\n\n\n<p><strong>Ausbildungsvermittler sind herzlich willkommen.<\/strong><\/p>\n\n\n\n<p><strong>E:&nbsp; <\/strong>zakiyah@trustedguardianship.co.uk<\/p>\n\n\n\n<p><strong>T:<\/strong>&nbsp; +44 (0)207 993 6212<\/p>\n\n\n\n<p><\/p>\n\n\n\n<p>Trusted Guardianship Ltd<br>Company No: 08621713<\/p>\n\n\n\n<p>Registered office address: 27 Old Gloucester St, London WC1N 3AX<\/p>\n","protected":false},"excerpt":{"rendered":"<p>Sie k\u00f6nnen sich gern mit uns in Verbindung setzen, um weitere Informationen \u00fcber die von uns angebotenen Dienstleistungen zu erhalten. Wir freuen uns, von Ihnen zu h\u00f6ren und werden uns in K\u00fcrze bei Ihnen melden. Ausbildungsvermittler sind herzlich willkommen. E:&nbsp;<\/p>\n","protected":false},"author":2,"featured_media":0,"parent":0,"menu_order":0,"comment_status":"closed","ping_status":"closed","template":"","meta":{"footnotes":""},"_links":{"self":[{"href":"https:\/\/trustedguardianship.co.uk\/de\/wp-json\/wp\/v2\/pages\/2134"}],"collection":[{"href":"https:\/\/trustedguardianship.co.uk\/de\/wp-json\/wp\/v2\/pages"}],"about":[{"href":"https:\/\/trustedguardianship.co.uk\/de\/wp-json\/wp\/v2\/types\/page"}],"author":[{"embeddable":true,"href":"https:\/\/trustedguardianship.co.uk\/de\/wp-json\/wp\/v2\/users\/2"}],"replies":[{"embeddable":true,"href":"https:\/\/trustedguardianship.co.uk\/de\/wp-json\/wp\/v2\/comments?post=2134"}],"version-history":[{"count":2,"href":"https:\/\/trustedguardianship.co.uk\/de\/wp-json\/wp\/v2\/pages\/2134\/revisions"}],"predecessor-version":[{"id":12481,"href":"https:\/\/trustedguardianship.co.uk\/de\/wp-json\/wp\/v2\/pages\/2134\/revisions\/12481"}],"wp:attachment":[{"href":"https:\/\/trustedguardianship.co.uk\/de\/wp-json\/wp\/v2\/media?parent=2134"}],"curies":[{"name":"wp","href":"https:\/\/api.w.org\/{rel}","templated":true}]}}