{"id":566,"date":"2018-01-08T17:44:12","date_gmt":"2018-01-08T17:44:12","guid":{"rendered":"https:\/\/trustedguardianship.co.uk\/?page_id=566"},"modified":"2021-02-08T16:02:26","modified_gmt":"2021-02-08T16:02:26","slug":"guardian-o-tutor-legal-para-estudiantes-internacionales","status":"publish","type":"page","link":"https:\/\/trustedguardianship.co.uk\/es\/","title":{"rendered":"\u201cGuardian\u201d o Tutor Legal para Estudiantes Internacionales"},"content":{"rendered":"<h2><strong>\u201cGuardian\u201d o tutor legal para estudiantes internacionales en internados del Reino Unido<\/strong><\/h2>\n<p>Los internados requieren que los padres de los alumnos y alumnas extranjeros designen a un \u201c<em>guardian<\/em>\u201d o tutor legal en Reino Unido que ser\u00e1 el contacto las 24 horas del d\u00eda para los\/las estudiantes, los padres y la escuela.<\/p>\n<p>Un tutor legal asume la responsabilidad de cualquier circunstancia que se d\u00e9 fuera del \u00e1mbito de la escuela. Estas pueden incluir asuntos log\u00edsticos relacionados con las familias de acogida y el transporte, adem\u00e1s de emergencias como accidentes o enfermedades.<\/p>\n<p><strong>Trusted Guardianship ofrece un servicio de tutela personalizado que brinda un apoyo total tanto para los padres como para los hijos<\/strong>.<\/p>\n<p>Entendemos las preocupaciones de los padres que env\u00edan a su hijo o hija a un internado en el Reino Unido. Te apoyaremos en las cuestiones pr\u00e1cticas, como reservar alojamiento y transporte, e intentaremos encontrarnos contigo si acompa\u00f1as a su hijo o hija a la escuela o visitas la escuela.<\/p>\n<p>Como tutores educativos, actuamos como intermediarios entre los padres y la escuela. Podemos proporcionar explicaciones u orientaciones adicionales a los padres que no est\u00e9n familiarizados con el sistema brit\u00e1nico o con el idioma ingl\u00e9s.<\/p>\n<p>Como contacto principal con la escuela, representamos a los padres cuando corresponde. Consultamos con el personal del internado sobre cuestiones extraescolares o con el personal acad\u00e9mico sobre cuestiones educativas, y acudiremos tan pronto como sea posible si as\u00ed nos lo solicitan por cualquier motivo.<\/p>\n<p>Nuestro objetivo es brindar a los padres completa tranquilidad, sabiendo que su hijo o hija recibir\u00e1 un apoyo total tanto en el internado y como con su familia anfitriona.<\/p>\n<p><strong>Trabajamos duro para asegurarnos de que tu hijo o hija est\u00e9 contento y se sienta a salvo estando a nuestro cuidado. Estamos orgullosos de que el 100% de los padres de nuestros estudiantes digan que nos recomendar\u00edan como tutores.<\/strong><\/p>\n<p>Entendemos que una educaci\u00f3n brit\u00e1nica es una inversi\u00f3n sustancial para los padres, y hacemos lo posible para mantener los gastos adicionales al m\u00ednimo. Para las familias que no necesitan mucho apoyo, ofrecemos una tutela b\u00e1sica. Esta satisface los requisitos de tener un tutor legal en el Reino Unido que sea el contacto disponible las 24 horas para la escuela, el\/la alumno\/a y los padres en caso de emergencia.<\/p>\n<blockquote>\n<p>Me impresion\u00f3 much\u00edsimo el nivel de compromiso, el grado de minuciosidad y la atenci\u00f3n brindada por Trusted Guardianship a mi hijo durante sus a\u00f1os de estudio en Bishop&#8217;s Stortford College.<\/p>\n<p>Elisa Tso<br \/>Madre de estudiante tutelado<\/p>\n<\/blockquote>\n<h2><strong>Motivos para elegir Trusted Guardianship<br \/><\/strong>\u00bfQu\u00e9 nos diferencia de otras empresas de tutela?<\/h2>\n<ul>\n<li>Podr\u00e1s enviar un mensaje al tutor de tu hijo o hija directamente cuando as\u00ed lo desees. Estamos disponibles en las siguientes aplicaciones: Line, Messenger, Telegram, Viber, WeChat y WhatsApp.<\/li>\n<li>Tenemos experiencia personal directa al haber sido internos, habernos alojado con familias de acogida y ser padres de ni\u00f1os que estudian en el extranjero.<\/li>\n<li>Si vas a viajar al Reino Unido, estaremos encantados de conocerte en persona si es posible, y organizaremos que conozcas a la familia anfitriona de tu hijo o hija.<\/li>\n<li>Si tu hijo o hija va a viajar solo\/a al Reino Unido, intentaremos que conozca a su familia anfitriona antes de su primera noche de estancia, para que sepa qu\u00e9 esperar.<\/li>\n<li>Todos nuestros estudiantes tienen su propia habitaci\u00f3n en la casa de la familia anfitriona y no tienen que compartirla con otro estudiante a menos que se acuerde previamente.<\/li>\n<\/ul>\n<blockquote>\n<p>Zakiyah es una persona muy amable, atenta y responsable. Siempre est\u00e1 cerca, en cualquier momento te dar\u00e1 buenos consejos y te ayudar\u00e1 a la hora de tomar medidas. Resuelve tus preguntas tan r\u00e1pido que olvidar\u00e1s que las tuviste en primer lugar. Tras cuatro meses, estoy absolutamente segura de que mi hijo y yo somos muy afortunados de haberla conocido.<\/p>\n<p>Natalia Rumyantsev<br \/>Madre de estudiante tutelado<\/p>\n<\/blockquote>\n<h2><strong>La tutora de su hijo\/a en el Reino Unido<\/strong><\/h2>\n<p><strong>Zakiyah Razvi MA (Universidad de Cambridge), diplomada en Traducci\u00f3n (Colegio <\/strong><strong>oficial de Ling\u00fcistas).<br \/><\/strong><strong><em>Traductora cualificada, directora de Roedean School<br \/><\/em><\/strong><\/p>\n<p>Fui alumna de dos internados, concretamente Dover College y Roedean School, antes de trasladarme a la Universidad de Cambridge para estudiar Lenguas Modernas.<\/p>\n<p>Adem\u00e1s, curs\u00e9 estudios en otras instituciones educativas como el Instituto Goethe (Schw\u00e4bisch Hall, Alemania), el Instituto Brit\u00e1nico (Florencia, Italia), la Universidad de Viena (Austria), la Universidad Nacional Aut\u00f3noma de M\u00e9xico (M\u00e9xico), la Universidad Rutgers (EE. UU.) y la Escuela de Estudios Orientales y Africanos (Reino Unido).<\/p>\n<p>Habiendo estado interna yo misma, y teniendo experiencia personal en alojarme con familias anfitrionas, estoy bien preparada para aconsejar a los estudiantes sobre cualquier tema relacionado con su estancia. Tambi\u00e9n soy madre de dos ni\u00f1os que han estudiado en el extranjero, y por eso entiendo c\u00f3mo se sienten los padres de los estudiantes que tutelo y siempre pongo todo de mi parte para apoyarles.<\/p>\n<blockquote>\n<p>Zakiyah es una tutora excelente. Se preocupa por los estudiantes bajo su tutela y hace todo lo posible para apoyarlos. Es muy amable.<br \/>Se comunica conmigo excepcionalmente bien y recibe con gusto llamadas para hablar sobre cualquier problema. Tambi\u00e9n responde r\u00e1pidamente a los correos electr\u00f3nicos.<br \/>Entiende y es sensible a las necesidades de los estudiantes internacionales.<br \/>Comprende a los adolescentes y se toma en serio su papel de \u00abcriarlos\u00bb.<\/p>\n<p>Justine Christie<br \/>Directora de internado, Ipswich School<\/p>\n<\/blockquote>\n<p><a href=\"https:\/\/trustedguardianship.co.uk\/es\/contacte-con-nosotros\/\" target=\"_blank\" rel=\"noopener noreferrer\">Cont\u00e1ctanos<\/a> y p\u00eddenos ayuda y consejo si est\u00e1s considerando enviar a tu hijo\/a a un internado en el Reino Unido.<\/p>\n<p><a href=\"https:\/\/trustedguardianship.co.uk\/register-online-guardianship\/\" target=\"_blank\" rel=\"noopener noreferrer\">Reg\u00edstrate online para la tutela<\/a><\/p>\n\n\n<div class=\"wp-block-image\"><figure class=\"alignleft size-large is-resized\"><img loading=\"lazy\" decoding=\"async\" src=\"https:\/\/trustedguardianship.co.uk\/wp-content\/uploads\/2020\/10\/BSA-Guardian-transparent-002-1024x339.png\" alt=\"Certified Guardian\" class=\"wp-image-1764\" width=\"299\" height=\"99\" srcset=\"https:\/\/trustedguardianship.co.uk\/wp-content\/uploads\/2020\/10\/BSA-Guardian-transparent-002-1024x339.png 1024w, https:\/\/trustedguardianship.co.uk\/wp-content\/uploads\/2020\/10\/BSA-Guardian-transparent-002-300x99.png 300w, https:\/\/trustedguardianship.co.uk\/wp-content\/uploads\/2020\/10\/BSA-Guardian-transparent-002-768x254.png 768w, https:\/\/trustedguardianship.co.uk\/wp-content\/uploads\/2020\/10\/BSA-Guardian-transparent-002-1536x508.png 1536w, https:\/\/trustedguardianship.co.uk\/wp-content\/uploads\/2020\/10\/BSA-Guardian-transparent-002-2048x678.png 2048w\" sizes=\"(max-width: 299px) 100vw, 299px\" \/><figcaption>Certified Guardian<\/figcaption><\/figure><\/div>\n","protected":false},"excerpt":{"rendered":"<p>\u201cGuardian\u201d o tutor legal para estudiantes internacionales en internados del Reino Unido Los internados requieren que los padres de los alumnos y alumnas extranjeros designen a un \u201cguardian\u201d o tutor legal en Reino Unido que ser\u00e1 el contacto las 24<\/p>\n","protected":false},"author":2,"featured_media":0,"parent":0,"menu_order":0,"comment_status":"closed","ping_status":"closed","template":"","meta":{"footnotes":""},"_links":{"self":[{"href":"https:\/\/trustedguardianship.co.uk\/es\/wp-json\/wp\/v2\/pages\/566"}],"collection":[{"href":"https:\/\/trustedguardianship.co.uk\/es\/wp-json\/wp\/v2\/pages"}],"about":[{"href":"https:\/\/trustedguardianship.co.uk\/es\/wp-json\/wp\/v2\/types\/page"}],"author":[{"embeddable":true,"href":"https:\/\/trustedguardianship.co.uk\/es\/wp-json\/wp\/v2\/users\/2"}],"replies":[{"embeddable":true,"href":"https:\/\/trustedguardianship.co.uk\/es\/wp-json\/wp\/v2\/comments?post=566"}],"version-history":[{"count":24,"href":"https:\/\/trustedguardianship.co.uk\/es\/wp-json\/wp\/v2\/pages\/566\/revisions"}],"predecessor-version":[{"id":2066,"href":"https:\/\/trustedguardianship.co.uk\/es\/wp-json\/wp\/v2\/pages\/566\/revisions\/2066"}],"wp:attachment":[{"href":"https:\/\/trustedguardianship.co.uk\/es\/wp-json\/wp\/v2\/media?parent=566"}],"curies":[{"name":"wp","href":"https:\/\/api.w.org\/{rel}","templated":true}]}}