{"id":576,"date":"2018-01-08T18:15:37","date_gmt":"2018-01-08T18:15:37","guid":{"rendered":"https:\/\/trustedguardianship.co.uk\/?page_id=576"},"modified":"2020-12-08T18:25:42","modified_gmt":"2020-12-08T18:25:42","slug":"familias-anfitrionas","status":"publish","type":"page","link":"https:\/\/trustedguardianship.co.uk\/es\/familias-anfitrionas\/","title":{"rendered":"Familias Anfitrionas"},"content":{"rendered":"<p>Los alumnos o alumnas internos\/as que no regresan con sus familias durante las vacaciones de mitad de \u00a0trimestre pueden necesitar familias anfitrionas que los acojan mientras la escuela est\u00e9 cerrada.<\/p>\n<p>Tener familias anfitrionas acogedoras y afectuosas es la clave para que los\/las estudiantes se relajen durante los permisos y las vacaciones de mitad de trimestre. Tenemos una amplia red de familias anfitrionas que incluyen familias inglesas, familias asi\u00e1ticas, familias con ni\u00f1os en el hogar y familias con hijos ya mayores.\u00a0Siempre tratamos de ubicara cada ni\u00f1o o ni\u00f1a en la familia m\u00e1s adecuada. Los padres pueden expresar sus preferencias sobre el tipo de familia que consideren que mejor se adapte a sus hijos o hijas, y trataremos ajustarnos a ellas en lo posible.<\/p>\n<p>Las familias anfitrionas proporcionan un dormitorio individual para cada estudiante (a menos que los alumnos lo compartan por acuerdo previo), todas las comidas y acceso a wifi. Ayudan con la colada y con cualquier otro problema cotidiano que pueda surgir.<\/p>\n<p>Les pedimos a nuestras familias anfitrionas que cuiden a su hijo o hija como si fuera un miembro de la familia, y le pedimos a su hijo o hija que se comporte como un miembro de la familia, lo que implica respetar las reglas de cada casa.<\/p>\n<p><strong>El alojamiento en familias puede ser una experiencia extremadamente gratificante tanto para los\/las estudiantes como para los miembros de la familia, y a menudo resulta en amistades de por vida.<\/strong><\/p>\n<p>\u00a0<\/p>\n<blockquote>\n<p>\u00abCuando llegu\u00e9 por primera vez a la casa de mi familia anfitriona, estaba relativamente nervioso porque era un entorno nuevo para m\u00ed, pero no me presionaron ni me hicieron sentir inc\u00f3modo. Fueron muy amables y me hicieron sentir que era bienvenido en muy poco tiempo. Adem\u00e1s, como tengo necesidades diet\u00e9ticas especiales, no pod\u00eda comer ciertascosas, pero ellos se aseguraron de tener una gran variedad de alimentos que pod\u00eda comer. Mi familia anfitriona tambi\u00e9n se port\u00f3 muy bien cuando lesped\u00ed que mi amigo se quedara conmigo cuando tuvo problemas para encontrar alojamiento. En conjunto, estoy muy agradecido y feliz haber estado con mifamilia anfitriona, ya que me han transmitido mucho cari\u00f1o\u201d.<\/p>\n<p>Bosco<br \/>Estudiante tutelado<\/p>\n<\/blockquote>\n<p>Elegimos nuestras familias de acogida con mucho cuidado. Se comprueba que\u00a0 todos los adultos de la casa est\u00e9n libres de antecedentes penales (certificado DBS) y tambi\u00e9n requerimos dos referencias para cada familia.<\/p>\n<p>\u00a0<\/p>\n<blockquote>\n<p>\u00abNos convertimos en familia anfitriona en 2016. Hasta el momento, 3 ni\u00f1os chinos se han quedado con mi familia. Ahora tengo un muchacho de 15 a\u00f1os de Hong Kong que viene a alojarse regularmente con nosotros. Mi familia se ha llevado bien con todos. A ellos les gusta especialmente nuestra comida. Estos ni\u00f1os vienen al extranjero tan j\u00f3venes, que siempre trato de preparar comida deliciosa para que se sientan como en casa. Tambi\u00e9n estoy muy contenta de conocer a Zakiyah y trabajar con ella. Es muy amable y considerada. Estoy encantada de seguir trabajando con Zakiyah y brindar ayuda a m\u00e1s ni\u00f1os de China.\u201d<\/p>\n<p>Rose<br \/>Madre anfitriona<\/p>\n<\/blockquote>\n<p>Los padres de nuestros estudiantes tutelados entienden la importancia del papel que desempe\u00f1an nuestras familias anfitrionas en asegurar la comodidad y seguridad de sus hijos mientras estos no est\u00e1n en el internado, y siempre est\u00e1n muy agradecidos.<\/p>\n<p>\u00a0<\/p>\n<blockquote>\n<p>Querida Zakiyah,<br \/>Gracias por todas las gestiones que hiciste para las vacaciones de mitad del trimestre de Chester, incluidos la familia anfitriona y el transporte. Y por responder con prontitud a cada pregunta que te hicimos y organizar las cosas para que no tuvi\u00e9ramos que preocuparnos por ellas.<br \/>Las familias de acogida tambi\u00e9n le proporcionaron un alojamiento c\u00f3modo y c\u00e1lido, y adem\u00e1s le ofrecieron comida aut\u00e9ntica. Espero que puedas agradec\u00e9rselo a Alison y Amanda de nuestra parte.<\/p>\n<p>Una vez m\u00e1s, gracias por tu dedicaci\u00f3n.<br \/>Con mis mejores deseos<br \/>Mon Chow<\/p>\n<\/blockquote>\n\n\n<p><\/p>\n\n\n\n<blockquote class=\"wp-block-quote\"><p>Querida Zakiyah<\/p><p>Gracias por presentarnos a una familia anfitriona tan buena. No solo le proporcionaron a James un alojamiento confortable y comidas deliciosas, sino que tambi\u00e9n organizaron una gran cantidad de actividades para que James lo pasara bien durante los cinco d\u00edas de su estancia.<\/p><p>Wang Ying Lu<\/p><\/blockquote>\n","protected":false},"excerpt":{"rendered":"<p>Los alumnos o alumnas internos\/as que no regresan con sus familias durante las vacaciones de mitad de \u00a0trimestre pueden necesitar familias anfitrionas que los acojan mientras la escuela est\u00e9 cerrada. Tener familias anfitrionas acogedoras y afectuosas es la clave para<\/p>\n","protected":false},"author":2,"featured_media":0,"parent":0,"menu_order":0,"comment_status":"closed","ping_status":"closed","template":"","meta":{"footnotes":""},"_links":{"self":[{"href":"https:\/\/trustedguardianship.co.uk\/es\/wp-json\/wp\/v2\/pages\/576"}],"collection":[{"href":"https:\/\/trustedguardianship.co.uk\/es\/wp-json\/wp\/v2\/pages"}],"about":[{"href":"https:\/\/trustedguardianship.co.uk\/es\/wp-json\/wp\/v2\/types\/page"}],"author":[{"embeddable":true,"href":"https:\/\/trustedguardianship.co.uk\/es\/wp-json\/wp\/v2\/users\/2"}],"replies":[{"embeddable":true,"href":"https:\/\/trustedguardianship.co.uk\/es\/wp-json\/wp\/v2\/comments?post=576"}],"version-history":[{"count":8,"href":"https:\/\/trustedguardianship.co.uk\/es\/wp-json\/wp\/v2\/pages\/576\/revisions"}],"predecessor-version":[{"id":1844,"href":"https:\/\/trustedguardianship.co.uk\/es\/wp-json\/wp\/v2\/pages\/576\/revisions\/1844"}],"wp:attachment":[{"href":"https:\/\/trustedguardianship.co.uk\/es\/wp-json\/wp\/v2\/media?parent=576"}],"curies":[{"name":"wp","href":"https:\/\/api.w.org\/{rel}","templated":true}]}}