{"id":579,"date":"2018-01-08T18:19:34","date_gmt":"2018-01-08T18:19:34","guid":{"rendered":"https:\/\/trustedguardianship.co.uk\/?page_id=579"},"modified":"2020-01-30T12:00:35","modified_gmt":"2020-01-30T12:00:35","slug":"programa-para-estudiantes-externos","status":"publish","type":"page","link":"https:\/\/trustedguardianship.co.uk\/es\/programa-para-estudiantes-externos\/","title":{"rendered":"Programa para Estudiantes Externos"},"content":{"rendered":"<p>Programa para estudiantes externos &#8211; &#8216;<em>lo mejor de ambos mundos&#8217;.<\/em><\/p>\n<p>Asistir a una escuela independiente brit\u00e1nica como alumno externo les brinda a los estudiantes extranjeros una excelente educaci\u00f3n acad\u00e9mica junto con la enriquecedora experiencia de formar parte de\u00a0 la vida de una familia brit\u00e1nica.<\/p>\n<p>Esta opci\u00f3n es muy atractiva para los padres que entienden los beneficios ling\u00fc\u00edsticos y culturales que se pueden obtener al vivir como miembro de una familia local.<\/p>\n<p>Los estudiantes desempe\u00f1an un papel integral en la vida de la escuela, pero en lugar de quedarse internos, regresan a un hogar familiar donde pueden practicar el idioma ingl\u00e9s y experimentar m\u00e1s plenamente el estilo de vida brit\u00e1nico.<\/p>\n<p><strong>Por favor <\/strong><a href=\"https:\/\/trustedguardianship.co.uk\/contact-us\/\">Cont\u00e1ctenos<\/a><strong> si desea hacer una solicitud para un alumno externo.<\/strong><\/p>\n","protected":false},"excerpt":{"rendered":"<p>Programa para estudiantes externos &#8211; &#8216;lo mejor de ambos mundos&#8217;. Asistir a una escuela independiente brit\u00e1nica como alumno externo les brinda a los estudiantes extranjeros una excelente educaci\u00f3n acad\u00e9mica junto con la enriquecedora experiencia de formar parte de\u00a0 la vida<\/p>\n","protected":false},"author":2,"featured_media":0,"parent":0,"menu_order":0,"comment_status":"closed","ping_status":"closed","template":"","meta":{"footnotes":""},"_links":{"self":[{"href":"https:\/\/trustedguardianship.co.uk\/es\/wp-json\/wp\/v2\/pages\/579"}],"collection":[{"href":"https:\/\/trustedguardianship.co.uk\/es\/wp-json\/wp\/v2\/pages"}],"about":[{"href":"https:\/\/trustedguardianship.co.uk\/es\/wp-json\/wp\/v2\/types\/page"}],"author":[{"embeddable":true,"href":"https:\/\/trustedguardianship.co.uk\/es\/wp-json\/wp\/v2\/users\/2"}],"replies":[{"embeddable":true,"href":"https:\/\/trustedguardianship.co.uk\/es\/wp-json\/wp\/v2\/comments?post=579"}],"version-history":[{"count":3,"href":"https:\/\/trustedguardianship.co.uk\/es\/wp-json\/wp\/v2\/pages\/579\/revisions"}],"predecessor-version":[{"id":1507,"href":"https:\/\/trustedguardianship.co.uk\/es\/wp-json\/wp\/v2\/pages\/579\/revisions\/1507"}],"wp:attachment":[{"href":"https:\/\/trustedguardianship.co.uk\/es\/wp-json\/wp\/v2\/media?parent=579"}],"curies":[{"name":"wp","href":"https:\/\/api.w.org\/{rel}","templated":true}]}}