{"id":583,"date":"2018-01-08T18:34:24","date_gmt":"2018-01-08T18:34:24","guid":{"rendered":"https:\/\/trustedguardianship.co.uk\/?page_id=583"},"modified":"2025-11-06T09:45:57","modified_gmt":"2025-11-06T09:45:57","slug":"contacta-con-nosotros","status":"publish","type":"page","link":"https:\/\/trustedguardianship.co.uk\/es\/contacta-con-nosotros\/","title":{"rendered":"Contacta con Nosotros"},"content":{"rendered":"<p><a href=\"https:\/\/trustedguardianship.co.uk\/register-online-guardianship\/\" target=\"_blank\" rel=\"noopener noreferrer\">Reg\u00edstrate online para la tutela<\/a><\/p>\n<p><strong>Puedes contactar con nosotros si deseas obtener m\u00e1s informaci\u00f3n sobre nuestro servicio de tutela para estudiantes internacionales. <\/strong><\/p>\n<p><strong>Estaremos encantados de saber de ti y nos pondremos en contacto contigo en breve.<\/strong><\/p>\n<p><strong>E:\u00a0 <\/strong>zakiyah@trustedguardianship.co.uk<\/p>\n<p><strong>T:<\/strong>\u00a0 +44 (0)207 993 6212<\/p>\n<p>Trusted Guardianship Ltd<br \/>\nCompany No: 08621713<\/p>\n<p><span class=\"LrzXr\">Registered office address: 27 Old Gloucester St, London WC1N 3AX<\/span><\/p>\n","protected":false},"excerpt":{"rendered":"<p>Reg\u00edstrate online para la tutela Puedes contactar con nosotros si deseas obtener m\u00e1s informaci\u00f3n sobre nuestro servicio de tutela para estudiantes internacionales. Estaremos encantados de saber de ti y nos pondremos en contacto contigo en breve. E:\u00a0 zakiyah@trustedguardianship.co.uk T:\u00a0 +44<\/p>\n","protected":false},"author":2,"featured_media":0,"parent":0,"menu_order":0,"comment_status":"closed","ping_status":"closed","template":"","meta":{"footnotes":""},"_links":{"self":[{"href":"https:\/\/trustedguardianship.co.uk\/es\/wp-json\/wp\/v2\/pages\/583"}],"collection":[{"href":"https:\/\/trustedguardianship.co.uk\/es\/wp-json\/wp\/v2\/pages"}],"about":[{"href":"https:\/\/trustedguardianship.co.uk\/es\/wp-json\/wp\/v2\/types\/page"}],"author":[{"embeddable":true,"href":"https:\/\/trustedguardianship.co.uk\/es\/wp-json\/wp\/v2\/users\/2"}],"replies":[{"embeddable":true,"href":"https:\/\/trustedguardianship.co.uk\/es\/wp-json\/wp\/v2\/comments?post=583"}],"version-history":[{"count":13,"href":"https:\/\/trustedguardianship.co.uk\/es\/wp-json\/wp\/v2\/pages\/583\/revisions"}],"predecessor-version":[{"id":12484,"href":"https:\/\/trustedguardianship.co.uk\/es\/wp-json\/wp\/v2\/pages\/583\/revisions\/12484"}],"wp:attachment":[{"href":"https:\/\/trustedguardianship.co.uk\/es\/wp-json\/wp\/v2\/media?parent=583"}],"curies":[{"name":"wp","href":"https:\/\/api.w.org\/{rel}","templated":true}]}}